{"id":218353,"date":"2025-12-01T10:03:35","date_gmt":"2025-12-01T09:03:35","guid":{"rendered":"https:\/\/dokumentydla.pl\/?page_id=218353"},"modified":"2025-12-01T10:03:36","modified_gmt":"2025-12-01T09:03:36","slug":"regulamin-opinii","status":"publish","type":"page","link":"https:\/\/dokumentydla.pl\/?page_id=218353","title":{"rendered":"Regulamin Opinii"},"content":{"rendered":"\n<figure class=\"wp-block-table\"><table class=\"has-fixed-layout\"><tbody><tr><td>Czego i kogo dotyczy ten Regulamin Opinii?<\/td><td>Ten Regulamin dotyczy zasad gromadzenia i publikowania na stronie https:\/\/dokumentydla.pl opinii o produktach &nbsp;lub\/i us\u0142ugach oferowanych przez Sprzedaj\u0105c\u0105.<\/td><\/tr><\/tbody><\/table><\/figure>\n\n\n\n<p>Zdaj\u0119 sobie spraw\u0119 jak wa\u017cne s\u0105 opinie o produktach i us\u0142ugach. W niniejszym Regulaminie Opinii znajdziesz zasady gromadzenia i publikowania na mojej stronie https:\/\/dokumentydla.pl opinii o moich produktach lub\/i us\u0142ugach.<\/p>\n\n\n\n<p>Je\u015bli masz pytania lub chcesz zg\u0142osi\u0107 nieprawid\u0142owo\u015bci zwi\u0105zane z przedstawionymi zasadami zbierania i publikacji opinii na moim serwisie, pami\u0119taj, \u017ce zawsze mo\u017cesz si\u0119 ze mn\u0105 skontaktowa\u0107 pod adresem email: hello@dokumentydla.pl<\/p>\n\n\n\n<p>Je\u015bli zauwa\u017cysz opini\u0119 opublikowan\u0105 w Twoim imieniu, bez twojej wiedzy lub\/i zgody, to r\u00f3wnie\u017c prosz\u0119 Ci\u0119 o kontakt i zg\u0142oszenie tej nieprawid\u0142owo\u015bci pod adresem email: hello@dokumentydla.pl<\/p>\n\n\n\n<figure class=\"wp-block-table\"><table class=\"has-fixed-layout\"><tbody><tr><td><strong>Informacje o Sprzedaj\u0105cej<\/strong><\/td><td>Anna Kol\u0119da-Klinkosz prowadz\u0105c\u0105 dzia\u0142alno\u015b\u0107 gospodarcz\u0105 wpisan\u0105 do Centralnej Ewidencji i Informacji Dzia\u0142alno\u015bci Gospodarczej pod firm\u0105 LawStories Anna Kol\u0119da-Klinkosz w Juszkowie i kod 83-000 przy Jar Raduni 6B, NIP 9570949579 REGON 365277470. &nbsp;<\/td><\/tr><tr><td><strong>Dane kontaktowe<\/strong><\/td><td>Mo\u017cesz skontaktowa\u0107 si\u0119 ze mn\u0105: poczt\u0105 tradycyjn\u0105 pod adresem: ul. Jar Raduni 6B, 83-000 Juszkowo, mailowo pod adresem hello@dokumentydla.pltelefonicznie pod numerem telefonu 793411187 &nbsp; Wiadomo\u015bci mailowe i telefoniczne odbieram w dni robocze, od poniedzia\u0142ku do pi\u0105tku w godzinach 10.00-14.00. &nbsp;<\/td><\/tr><tr><td><strong>Elektroniczny Punkt Kontaktowy<\/strong><\/td><td>Zgodnie z obowi\u0105zuj\u0105cymi regulacjami wyznaczy\u0142am Elektroniczny Punkt Kontaktowy dla organ\u00f3w pa\u0144stw cz\u0142onkowskich, Komisji i Rady Us\u0142ug Cyfrowych (\u201eEPK\u201d) pod adresem hello@dokumentydla.pl. Komunikacja mo\u017ce odbywa\u0107 si\u0119 w j\u0119zyku polskim lub angielskim. Ten sam punkt kontaktowy umo\u017cliwia jednocze\u015bnie odbiorcom moich us\u0142ug bezpo\u015bredni\u0105 i szybk\u0105 komunikacj\u0119 ze mn\u0105 drog\u0105 elektroniczn\u0105 i w spos\u00f3b przyjazny dla u\u017cytkownika.<\/td><\/tr><\/tbody><\/table><\/figure>\n\n\n\n<p><strong>ZASADY OG\u00d3LNE<\/strong><\/p>\n\n\n\n<ol class=\"wp-block-list\">\n<li>Sprzedaj\u0105ca nie publikuje opinii w spos\u00f3b automatyczny.<\/li>\n\n\n\n<li>Sprzedaj\u0105ca nie publikuje opinii niezweryfikowanych.<\/li>\n\n\n\n<li>Opinia, kt\u00f3ra jest zweryfikowana i zaakceptowana przez Sprzedaj\u0105c\u0105 do publikacji jest dodawana manualnie do systemu.<\/li>\n\n\n\n<li>Sprzedaj\u0105ca publikuje jedynie opinie pozyskane bezpo\u015brednio od klient\u00f3w, czyli os\u00f3b, kt\u00f3re dokona\u0142y zakupu produkt\u00f3w cyfrowych lub us\u0142ug Sprzedaj\u0105cej.<\/li>\n\n\n\n<li>Sprzedaj\u0105ca nie kupuje ani nie zamawia opinii. Nie premiuje r\u00f3wnie\u017c w \u017caden spos\u00f3b os\u00f3b decyduj\u0105cych si\u0119 na przes\u0142anie opinii.<\/li>\n<\/ol>\n\n\n\n<p><strong>PROCEDURA POZYSKIWANIA I WERYFIKOWANIA OPINII<\/strong><\/p>\n\n\n\n<ol class=\"wp-block-list\">\n<li>Na adres podany przy sk\u0142adaniu zam\u00f3wienia zostaje wys\u0142ana pro\u015bba o wystawienie opinii o zakupionym produkcie cyfrowym lub us\u0142udze.<\/li>\n\n\n\n<li>Przes\u0142anie opinii jest w pe\u0142ni dobrowolne.<\/li>\n\n\n\n<li>Sprzedaj\u0105ca publikuje jedynie opinie, kt\u00f3re s\u0105 opatrzone przynajmniej imieniem i nazwiskiem autora.<\/li>\n\n\n\n<li>Przes\u0142anie opinii nie oznacza automatycznie jej publikacji \u2013 Sprzedaj\u0105ca decyduje o wykorzystaniu lub nie danej opinii.<\/li>\n<\/ol>\n\n\n\n<p><strong>ZG\u0141OSZENIA I SKARGI<\/strong><\/p>\n\n\n\n<p>Je\u015bli chcesz zg\u0142osi\u0107 nieprawid\u0142owo\u015bci zwi\u0105zane z opublikowan\u0105 opini\u0105, skontaktuj si\u0119 ze Sprzedaj\u0105c\u0105 pod adresem email: hello@biznesnaleaglu.pl. Zg\u0142oszenie zostanie rozpatrzone w ci\u0105gu 14 dni od otrzymania wiadomo\u015bci o nieprawid\u0142owo\u015bciach.<\/p>\n\n\n\n<p><strong>POSTANOWIENIA KO\u0143COWE<\/strong><\/p>\n\n\n\n<p>Z wa\u017cnych wzgl\u0119d\u00f3w biznesowych, technicznych lub prawnych, w szczeg\u00f3lno\u015bci z powodu zmian lub aktualizacji przepis\u00f3w lub zmian technicznych Sprzedaj\u0105ca mo\u017ce wprowadzi\u0107 zmiany w tre\u015bci tego Regulaminu Opinii.<\/p>\n\n\n\n<figure class=\"wp-block-table\"><table class=\"has-fixed-layout\"><tbody><tr><td>Data publikacji Regulaminu Opinii:<\/td><td>25.11.2025<\/td><\/tr><tr><td>Poprzednie wersje:<\/td><td>brak<\/td><\/tr><\/tbody><\/table><\/figure>\n","protected":false},"excerpt":{"rendered":"<p>Czego i kogo dotyczy ten Regulamin Opinii? Ten Regulamin dotyczy zasad gromadzenia i publikowania na stronie https:\/\/dokumentydla.pl opinii o produktach &nbsp;lub\/i us\u0142ugach oferowanych przez Sprzedaj\u0105c\u0105. Zdaj\u0119 sobie spraw\u0119 jak wa\u017cne s\u0105 opinie o produktach i us\u0142ugach. W niniejszym Regulaminie Opinii znajdziesz zasady gromadzenia i publikowania na mojej stronie https:\/\/dokumentydla.pl opinii o moich produktach lub\/i us\u0142ugach. [&hellip;]<\/p>\n","protected":false},"author":1,"featured_media":0,"parent":0,"menu_order":0,"comment_status":"closed","ping_status":"closed","template":"","meta":{"_et_pb_use_builder":"off","_et_pb_old_content":"","_et_gb_content_width":"","footnotes":""},"class_list":["post-218353","page","type-page","status-publish","hentry"],"_links":{"self":[{"href":"https:\/\/dokumentydla.pl\/index.php?rest_route=\/wp\/v2\/pages\/218353","targetHints":{"allow":["GET"]}}],"collection":[{"href":"https:\/\/dokumentydla.pl\/index.php?rest_route=\/wp\/v2\/pages"}],"about":[{"href":"https:\/\/dokumentydla.pl\/index.php?rest_route=\/wp\/v2\/types\/page"}],"author":[{"embeddable":true,"href":"https:\/\/dokumentydla.pl\/index.php?rest_route=\/wp\/v2\/users\/1"}],"replies":[{"embeddable":true,"href":"https:\/\/dokumentydla.pl\/index.php?rest_route=%2Fwp%2Fv2%2Fcomments&post=218353"}],"version-history":[{"count":1,"href":"https:\/\/dokumentydla.pl\/index.php?rest_route=\/wp\/v2\/pages\/218353\/revisions"}],"predecessor-version":[{"id":218354,"href":"https:\/\/dokumentydla.pl\/index.php?rest_route=\/wp\/v2\/pages\/218353\/revisions\/218354"}],"wp:attachment":[{"href":"https:\/\/dokumentydla.pl\/index.php?rest_route=%2Fwp%2Fv2%2Fmedia&parent=218353"}],"curies":[{"name":"wp","href":"https:\/\/api.w.org\/{rel}","templated":true}]}}