{"id":218355,"date":"2025-12-01T10:05:20","date_gmt":"2025-12-01T09:05:20","guid":{"rendered":"https:\/\/dokumentydla.pl\/?page_id=218355"},"modified":"2025-12-01T10:05:21","modified_gmt":"2025-12-01T09:05:21","slug":"warunki-korzystania-ze-strony-internetowej-htpps-dokumentydla-pl-dsa","status":"publish","type":"page","link":"https:\/\/dokumentydla.pl\/?page_id=218355","title":{"rendered":"Warunki korzystania ze strony internetowej htpps:\/\/dokumentydla.pl (DSA)"},"content":{"rendered":"\n<figure class=\"wp-block-table\"><table class=\"has-fixed-layout\"><tbody><tr><td>Czego dotyczy ten dokument?<\/td><td>Ten dokument stanowi za\u0142\u0105cznik do Regulaminu Sprzeda\u017cy i dotyczy warunk\u00f3w korzystania ze strony Internetowej https:\/\/dokumentydla.pl. Okre\u015bla warunki techniczne oraz zasady zwi\u0105zane&nbsp; z publikowaniem tre\u015bci przez U\u017cytkownik\u00f3w serwisu, zg\u0142aszania nielegalnych tre\u015bci oraz ich moderacji w kontek\u015bcie Aktu o Us\u0142ugach Cyfrowych (DSA).&nbsp;<\/td><\/tr><\/tbody><\/table><\/figure>\n\n\n\n<p><strong>PODSTAWOWE INFORMACJE<\/strong><\/p>\n\n\n\n<ol class=\"wp-block-list\">\n<li>DSA, czyli Rozporz\u0105dzenie Parlamentu Europejskiego i Rady (UE) 2022\/2065 z dnia 19 pa\u017adziernika 2022 r. w sprawie jednolitego rynku us\u0142ug cyfrowych oraz zmiany dyrektywy 2000\/31\/WE (akt o us\u0142ugach cyfrowych).<\/li>\n\n\n\n<li>Kto, czyli dane us\u0142ugodawcy: Anna Kol\u0119da-Klinkosz prowadz\u0105c\u0105 dzia\u0142alno\u015b\u0107 gospodarcz\u0105 wpisan\u0105 do Centralnej Ewidencji i Informacji Dzia\u0142alno\u015bci Gospodarczej pod firm\u0105 LawStories Anna Kol\u0119da-Klinkosz w Juszkowie i kod 83-000 przy Jar Raduni 6B, NIP 9570949579 REGON 365277470.<\/li>\n\n\n\n<li>Elektroniczny Punkt Kontaktowy. Us\u0142ugodawca wyznaczy\u0142 Elektroniczny Punkt Kontaktowy (EPK) na potrzeby komunikacji z organami pa\u0144stw cz\u0142onkowskich, Komisj\u0105 i Rad\u0105 Us\u0142ug Cyfrowych oraz odbiorcami us\u0142ug pod adresem:\u00a0 hello@dokumentydla.pl<\/li>\n\n\n\n<li>J\u0119zyk komunikacji. J\u0119zykiem w kt\u00f3rym mo\u017cesz si\u0119 z nami porozumie\u0107 jest j\u0119zyk polski.<\/li>\n\n\n\n<li>Przechowywanie informacji przekazanych przez odbiorc\u0119. Jako odbiorca masz mo\u017cliwo\u015b\u0107 wprowadzania tre\u015bci (\u201eTre\u015bci U\u017cytkownika\u201d), kt\u00f3re s\u0105 nast\u0119pnie przechowywane przez nasz serwis (w zwi\u0105zku ze \u015bwiadczeniem us\u0142ugi spo\u0142ecze\u0144stwa informacyjnego polegaj\u0105cej na przechowywaniu informacji przekazanych przez odbiorc\u0119 przez stron\u0119 internetow\u0105). Rodzaje tre\u015bci: Opinie o produktach\/us\u0142ugach. Opinie o produktach zbierane s\u0105 zgodnie z Regulaminem Opinii.<\/li>\n\n\n\n<li>Nielegalne tre\u015bci. W ramach serwisu nie mo\u017cesz publikowa\u0107 tre\u015bci nielegalnych. Nielegalne tre\u015bci oznaczaj\u0105 informacje, kt\u00f3re same w sobie lub przez odniesienie do dzia\u0142ania, w tym sprzeda\u017cy produkt\u00f3w lub \u015bwiadczenia us\u0142ug, nie s\u0105 zgodne z prawem Unii lub z prawem jakiegokolwiek pa\u0144stwa cz\u0142onkowskiego, kt\u00f3re jest zgodne z prawem Unii, niezale\u017cnie od konkretnego przedmiotu lub charakteru tego prawa. Za tre\u015bci sprzeczne z prawem krajowym nale\u017cy uzna\u0107 zar\u00f3wno tre\u015bci sprzeczne z przepisami prawa publicznego, jak i przepisami prawa prywatnego. W szczeg\u00f3lno\u015bci za nielegalne tre\u015bci zostan\u0105 uznane tre\u015bci:<ol><li>przedstawiaj\u0105ce niegodziwe traktowanie dzieci w\u00a0celach seksualnych,<\/li><\/ol><ol><li>bezprawne udost\u0119pnianie prywatnych obraz\u00f3w bez zgody,<\/li><\/ol><ol><li>cyberstalking,<\/li><\/ol><ol><li>sprzeda\u017c produkt\u00f3w niespe\u0142niaj\u0105cych wymog\u00f3w lub podrobionych,<\/li><\/ol><ol><li>sprzeda\u017c towar\u00f3w lub \u015bwiadczenie us\u0142ug z\u00a0naruszeniem prawa ochrony konsument\u00f3w,<\/li><\/ol><ol><li>nieuprawnione wykorzystanie materia\u0142\u00f3w chronionych prawem autorskim,<\/li><\/ol><ol><li>nielegalne oferowanie us\u0142ug zakwaterowania,<\/li><\/ol><ol><li>nielegalna sprzeda\u017c \u017cywych zwierz\u0105t,<\/li><\/ol><ol><li>nawo\u0142uj\u0105ce do terroryzmu,<\/li><\/ol><ol><li>erotyczne i pornograficzne,<\/li><\/ol><ol><li>namawiaj\u0105ce do rasizmu i ksenofobii,<\/li><\/ol><ol><li>naruszaj\u0105ce dobra osobiste,<\/li><\/ol><ol><li>wyczerpuj\u0105ce znamiona czynu zabronionego,<\/li><\/ol>\n<ol class=\"wp-block-list\">\n<li>naruszaj\u0105ce prawa w\u0142asno\u015bci intelektualnej.<\/li>\n<\/ol>\n<\/li>\n\n\n\n<li>Ponadto, w ramach niniejszego serwisu zabronione jest publikowanie tre\u015bci:<ol><li>wulgarnych,<\/li><\/ol><ol><li>obra\u017aliwych i poni\u017caj\u0105cych,<\/li><\/ol><ol><li>szerz\u0105cych dezinformacj\u0119,<\/li><\/ol><ol><li>charakterze spamu,<\/li><\/ol><ol><li>niezwi\u0105zanych z tre\u015bci\u0105 niniejszego serwisu,<\/li><\/ol>\n<ol class=\"wp-block-list\">\n<li>reklamuj\u0105cych inne us\u0142ugi lub dzia\u0142alno\u015bci.<\/li>\n<\/ol>\n<\/li>\n<\/ol>\n\n\n\n<p><strong>ZG\u0141ASZANIE NIELEGALNYCH TRE\u015aCI<\/strong><\/p>\n\n\n\n<ol class=\"wp-block-list\">\n<li>Us\u0142ugodawca wdro\u017cy\u0142 mechanizm umo\u017cliwiaj\u0105cy dowolnej osobie lub dowolnemu podmiotowi zg\u0142oszenie obecno\u015bci informacji, kt\u00f3re dana osoba lub dany podmiot uwa\u017caj\u0105 za nielegalne tre\u015bci.<\/li>\n\n\n\n<li>W celu dokonania zg\u0142oszenia nielegalnych tre\u015bci skontaktuj si\u0119 z us\u0142ugodawc\u0105 przez wskazany Elektroniczny Punkt Kontaktowy pod adresem hello@dokumentydla.pl. Mo\u017cesz u\u017cy\u0107 w tym celu formularza, kt\u00f3ry jest za\u0142\u0105cznikiem do niniejszego dokumentu, ale nie jest to obowi\u0105zkowe.<\/li>\n\n\n\n<li>Zg\u0142aszaj\u0105c tre\u015bci, kt\u00f3re uznajesz za nielegalne pami\u0119taj o:<ol><li>wyja\u015bnieniu powod\u00f3w, dla kt\u00f3rych zg\u0142aszasz, \u017ce dane informacje stanowi\u0105 nielegalne tre\u015bci;<\/li><\/ol><ol><li>jasnym wskazaniu dok\u0142adnej elektronicznej lokalizacji informacji, takiej jak dok\u0142adny adres URL lub dok\u0142adne adresy URL, oraz, je\u015bli zachodzi taka okoliczno\u015b\u0107, o dodatkowych informacjach umo\u017cliwiaj\u0105cych identyfikacj\u0119 nielegalnych tre\u015bci;<\/li><\/ol><ol><li>podaniu imienia i nazwiska lub nazwy oraz adresu e-mail osoby lub podmiotu dokonuj\u0105cego zg\u0142oszenia, z wyj\u0105tkiem zg\u0142oszenia dotycz\u0105cego informacji uznawanych za zwi\u0105zane z jednym z przest\u0119pstw, o kt\u00f3rych mowa w art. 3\u20137 dyrektywy 2011\/93\/UE, czyli przest\u0119pstw zwi\u0105zanych z niegodziwym traktowaniem dzieci w celach seksualnych, przest\u0119pstw zwi\u0105zanych z wykorzystywaniem seksualnym dzieci oraz pornografi\u0105 dzieci\u0119c\u0105);<\/li><\/ol>\n<ol class=\"wp-block-list\">\n<li>zg\u0142osze\u0144 dokonuj w dobrej wierze, \u017ce informacje i zarzuty w nim zawarte s\u0105 prawid\u0142owe i kompletne.<\/li>\n<\/ol>\n<\/li>\n\n\n\n<li>Je\u017celi zg\u0142oszenie zawiera elektroniczne dane kontaktowe osoby lub podmiotu, kt\u00f3ry dokona\u0142 zg\u0142oszenia, us\u0142ugodawca prze\u015ble osobie lub podmiotowi zg\u0142aszaj\u0105cemu potwierdzenie otrzymania zg\u0142oszenia, powiadomi tak\u0105 osob\u0119 lub taki podmiot o swojej decyzji w odniesieniu do informacji, kt\u00f3rych dotyczy zg\u0142oszenie, oraz przeka\u017ce informacje na temat mo\u017cliwo\u015bci odwo\u0142ania si\u0119 od podj\u0119tej decyzji.<\/li>\n<\/ol>\n\n\n\n<p><strong>MODERACJA TRE\u015aCI I UZASADNIENIE DECYZJI<\/strong><\/p>\n\n\n\n<ol class=\"wp-block-list\">\n<li>W odpowiedzi na zg\u0142oszenie nielegalnych tre\u015bci, je\u015bli oka\u017ce si\u0119 zasadne, dokonujemy moderacji. Moderowanie tre\u015bci oznacza dzia\u0142ania, kt\u00f3rych celem jest, w szczeg\u00f3lno\u015bci, wykrywanie, identyfikowanie i zwalczanie nielegalnych tre\u015bci lub informacji niezgodnych z warunkami korzystania z us\u0142ug, przekazywanych przez odbiorc\u00f3w us\u0142ugi, w tym wdra\u017cane s\u0105 \u015brodki, kt\u00f3re wp\u0142ywaj\u0105 na dost\u0119pno\u015b\u0107, widoczno\u015b\u0107 i osi\u0105galno\u015b\u0107 takich nielegalnych tre\u015bci lub informacji, takie jak depozycjonowanie takich tre\u015bci lub informacji, demonetyzacja, uniemo\u017cliwienie dost\u0119pu do nich lub ich usuni\u0119cie, lub kt\u00f3re wp\u0142ywaj\u0105 na mo\u017cliwo\u015b\u0107 przekazywania takich informacji przez odbiorc\u00f3w us\u0142ugi, takie jak zamkni\u0119cie lub zawieszenie konta odbiorcy.<\/li>\n\n\n\n<li>Us\u0142ugodawca prowadzi z w\u0142asnej inicjatywy, w dobrej wierze i z nale\u017cyt\u0105 staranno\u015bci\u0105, dobrowolne czynno\u015bci sprawdzaj\u0105ce lub podejmuje inne \u015brodki maj\u0105ce na celu wykrycie, identyfikacj\u0119 i usuni\u0119cie nielegalnych tre\u015bci lub uniemo\u017cliwienie do nich dost\u0119pu lub podejmuj\u0105 niezb\u0119dne \u015brodki, aby spe\u0142ni\u0107 wymogi prawa Unii i prawa krajowego zgodnego z prawem Unii, w tym wymogi okre\u015blone w DSA.<\/li>\n\n\n\n<li>Jako us\u0142ugodawca, podejmujemy bezzw\u0142ocznie odpowiednie dzia\u0142ania w celu usuni\u0119cia lub uniemo\u017cliwienia dost\u0119pu do nielegalnych tre\u015bci, gdy uzyskamy tak\u0105 wiedz\u0119 lub wiadomo\u015b\u0107.<\/li>\n\n\n\n<li>Us\u0142ugodawca nie prowadzi og\u00f3lnego monitoringu przechowywanych tre\u015bci ani\u00a0 aktywnego ustalania fakt\u00f3w lub okoliczno\u015bci wskazuj\u0105cych na nielegaln\u0105 dzia\u0142alno\u015b\u0107.<\/li>\n\n\n\n<li>Uzasadnienie. W zwi\u0105zku z obowi\u0105zuj\u0105cymi regulacjami prawnymi oraz zasadami opisanymi w tym dokumencie informujemy wszystkich zainteresowanych odbiorc\u00f3w, je\u015bli znamy odpowiednie elektroniczne dane kontaktowe, o nast\u0119puj\u0105cych ograniczeniach, kt\u00f3re mog\u0105 zosta\u0107 na\u0142o\u017cone ze wzgl\u0119du na fakt, i\u017c informacje przekazane przez odbiorc\u0119 us\u0142ugi stanowi\u0105 nielegalne tre\u015bci lub s\u0105 niezgodne z warunkami korzystania z us\u0142ug dostawcy: ograniczenia w zakresie widoczno\u015bci okre\u015blonych informacji przekazywanych przez dostawc\u0119 us\u0142ugi, w tym:<ol><li>usuwanie tre\u015bci,<\/li><\/ol><ol><li>uniemo\u017cliwianie dost\u0119pu do tre\u015bci lub depozycjonowanie tre\u015bci;<\/li><\/ol><ol><li>zawieszenie, zako\u0144czenie lub inne ograniczenie p\u0142atno\u015bci pieni\u0119\u017cnych;<\/li><\/ol><ol><li>zawieszenie lub zako\u0144czenie \u015bwiadczenia us\u0142ugi w ca\u0142o\u015bci lub w cz\u0119\u015bci;<\/li><\/ol>\n<ol class=\"wp-block-list\">\n<li>zawieszenie lub zamkni\u0119cie konta odbiorcy us\u0142ugi.<\/li>\n<\/ol>\n<\/li>\n\n\n\n<li>Powy\u017cszy obowi\u0105zek informacyjny nie ma zastosowania w przypadku, gdy informacje uznane za nielegalne s\u0105 wprowadzaj\u0105cymi w b\u0142\u0105d tre\u015bciami handlowymi o du\u017cej obj\u0119to\u015bci.<\/li>\n\n\n\n<li>Us\u0142ugodawca, stosuj\u0105c i egzekwuj\u0105c ograniczenia wzgl\u0119dem tre\u015bci u\u017cytkownika dzia\u0142a z nale\u017cyt\u0105 staranno\u015bci\u0105, w spos\u00f3b obiektywny i proporcjonalny oraz z nale\u017cytym uwzgl\u0119dnieniem praw i prawnie uzasadnionych interes\u00f3w wszystkich zaanga\u017cowanych stron, w tym takich jak wolno\u015b\u0107 wypowiedzi, wolno\u015b\u0107 i pluralizm medi\u00f3w i inne prawa podstawowe i wolno\u015bci.<\/li>\n\n\n\n<li>Ka\u017cda decyzja zawiera stosowne uzasadnienie.<\/li>\n<\/ol>\n\n\n\n<p><strong>POZOSTA\u0141E INFORMACJE<\/strong><\/p>\n\n\n\n<ol class=\"wp-block-list\">\n<li>Reklamacje i skargi. Mo\u017cesz z\u0142o\u017cy\u0107 reklamacj\u0119 lub skarg\u0119 zwi\u0105zan\u0105 z korzystaniem z serwisu. Ka\u017cd\u0105 reklamacj\u0119 lub skarg\u0119 us\u0142ugodawca rozpatruje w terminie 14 dni na zasadach opisanych w regulaminach serwisu.<\/li>\n\n\n\n<li>Warunki techniczne. Aby m\u00f3c korzysta\u0107 z serwisu wymagane jest aktywne konto e-mail, urz\u0105dzenie z dost\u0119pem do Internetu oraz przegl\u0105darka internetowa obs\u0142uguj\u0105ca JavaScript i pliki cookies.<\/li>\n\n\n\n<li>Prywatno\u015b\u0107 i dane osobowe. Zasady przetwarzania danych osobowych znajduj\u0105 si\u0119 w polityce prywatno\u015bci i plik\u00f3w cookies niniejszego serwisu [link].<\/li>\n\n\n\n<li>Inne regulaminy i polityki. W ramach niniejszego serwisu obowi\u0105zuj\u0105: regulamin serwisu: [link], regulamin newslettera [link], regulamin opinii [link], polityka prywatno\u015bci i polityka cookies [link].<\/li>\n<\/ol>\n\n\n\n<p>Za\u0142\u0105cznik: Wz\u00f3r zg\u0142oszenia nielegalnych tre\u015bci:<\/p>\n\n\n\n<figure class=\"wp-block-table\"><table class=\"has-fixed-layout\"><tbody><tr><td colspan=\"2\"><strong>WZ\u00d3R ZG\u0141OSZENIA NIELAGALNYCH TRE\u015aCI<\/strong> &nbsp; Skorzystanie ze wzoru mo\u017ce znacznie u\u0142atwi\u0107 identyfikacj\u0119 oraz ocen\u0119 zg\u0142aszanych tre\u015bci, jednak\u017ce nie jest obowi\u0105zkowe do dokonania zg\u0142oszenia. Zg\u0142oszenia mo\u017cesz dokona\u0107 na podany Elektroniczny Punkt Kontaktowy bez u\u017cycia niniejszego wzoru. &nbsp;<\/td><\/tr><tr><td>Imi\u0119 i nazwisko osoby zg\u0142aszaj\u0105cej\/nazwa podmiotu zg\u0142aszaj\u0105cego*<\/td><td>&nbsp;<\/td><\/tr><tr><td>Adres e-mail osoby zg\u0142aszaj\u0105cej\/podmiotu zg\u0142aszaj\u0105cego*<\/td><td>&nbsp;<\/td><\/tr><tr><td>Dok\u0142adna elektroniczna lokalizacja informacji, taka jak dok\u0142adny adres URL lub dok\u0142adne adresy URL<\/td><td>&nbsp;<\/td><\/tr><tr><td>Dodatkowe informacje umo\u017cliwiaj\u0105ce identyfikacj\u0119 nielegalnych tre\u015bci (je\u015bli takie informacje s\u0105 znane osobie lub podmiotowi zg\u0142aszaj\u0105cemu)<\/td><td>&nbsp;<\/td><\/tr><tr><td>Uzasadnienie i wyja\u015bnienie powod\u00f3w, dla kt\u00f3rych dane tre\u015bci w Twojej opinii mog\u0105 stanowi\u0107 nielegalne tre\u015bci<\/td><td>&nbsp;<\/td><\/tr><tr><td colspan=\"2\">&nbsp; O\u015bwiadczam, \u017ce niniejsze zg\u0142oszenie dokonuj\u0119 w dobrej wierze, \u017ce informacje i zarzuty w nim zawarte s\u0105 prawid\u0142owe i kompletne. &nbsp;<\/td><\/tr><\/tbody><\/table><\/figure>\n\n\n\n<p>* pola nie dotycz\u0105 zg\u0142osze\u0144 dotycz\u0105cych informacji uznawanych za zwi\u0105zane z jednym z przest\u0119pstw, o kt\u00f3rych mowa w art. 3\u20137 dyrektywy 2011\/93\/UE, czyli przest\u0119pstw zwi\u0105zanych z niegodziwym traktowaniem dzieci w celach seksualnych, przest\u0119pstw zwi\u0105zanych z wykorzystywaniem seksualnym dzieci oraz pornografi\u0105 dzieci\u0119c\u0105).<\/p>\n","protected":false},"excerpt":{"rendered":"<p>Czego dotyczy ten dokument? Ten dokument stanowi za\u0142\u0105cznik do Regulaminu Sprzeda\u017cy i dotyczy warunk\u00f3w korzystania ze strony Internetowej https:\/\/dokumentydla.pl. Okre\u015bla warunki techniczne oraz zasady zwi\u0105zane&nbsp; z publikowaniem tre\u015bci przez U\u017cytkownik\u00f3w serwisu, zg\u0142aszania nielegalnych tre\u015bci oraz ich moderacji w kontek\u015bcie Aktu o Us\u0142ugach Cyfrowych (DSA).&nbsp; PODSTAWOWE INFORMACJE ZG\u0141ASZANIE NIELEGALNYCH TRE\u015aCI MODERACJA TRE\u015aCI I UZASADNIENIE DECYZJI POZOSTA\u0141E [&hellip;]<\/p>\n","protected":false},"author":1,"featured_media":0,"parent":0,"menu_order":0,"comment_status":"closed","ping_status":"closed","template":"","meta":{"_et_pb_use_builder":"off","_et_pb_old_content":"","_et_gb_content_width":"","footnotes":""},"class_list":["post-218355","page","type-page","status-publish","hentry"],"_links":{"self":[{"href":"https:\/\/dokumentydla.pl\/index.php?rest_route=\/wp\/v2\/pages\/218355","targetHints":{"allow":["GET"]}}],"collection":[{"href":"https:\/\/dokumentydla.pl\/index.php?rest_route=\/wp\/v2\/pages"}],"about":[{"href":"https:\/\/dokumentydla.pl\/index.php?rest_route=\/wp\/v2\/types\/page"}],"author":[{"embeddable":true,"href":"https:\/\/dokumentydla.pl\/index.php?rest_route=\/wp\/v2\/users\/1"}],"replies":[{"embeddable":true,"href":"https:\/\/dokumentydla.pl\/index.php?rest_route=%2Fwp%2Fv2%2Fcomments&post=218355"}],"version-history":[{"count":1,"href":"https:\/\/dokumentydla.pl\/index.php?rest_route=\/wp\/v2\/pages\/218355\/revisions"}],"predecessor-version":[{"id":218356,"href":"https:\/\/dokumentydla.pl\/index.php?rest_route=\/wp\/v2\/pages\/218355\/revisions\/218356"}],"wp:attachment":[{"href":"https:\/\/dokumentydla.pl\/index.php?rest_route=%2Fwp%2Fv2%2Fmedia&parent=218355"}],"curies":[{"name":"wp","href":"https:\/\/api.w.org\/{rel}","templated":true}]}}