{"id":218497,"date":"2026-03-17T21:30:09","date_gmt":"2026-03-17T20:30:09","guid":{"rendered":"https:\/\/dokumentydla.pl\/?page_id=218497"},"modified":"2026-03-17T21:33:34","modified_gmt":"2026-03-17T20:33:34","slug":"218497-2","status":"publish","type":"page","link":"https:\/\/dokumentydla.pl\/?page_id=218497","title":{"rendered":"Informacja o Administratorze Danych"},"content":{"rendered":"<p>[et_pb_section fb_built=&#8221;1&#8243; _builder_version=&#8221;4.23.4&#8243; _module_preset=&#8221;default&#8221; background_color=&#8221;#e4e8e3&#8243; custom_padding=&#8221;20px||33px|||&#8221; global_colors_info=&#8221;{}&#8221;][et_pb_row column_structure=&#8221;1_2,1_2&#8243; _builder_version=&#8221;4.23.4&#8243; _module_preset=&#8221;default&#8221; custom_margin=&#8221;0px||||false|false&#8221; global_colors_info=&#8221;{}&#8221;][et_pb_column type=&#8221;1_2&#8243; _builder_version=&#8221;4.23.4&#8243; _module_preset=&#8221;default&#8221; global_colors_info=&#8221;{}&#8221;][et_pb_text _builder_version=&#8221;4.23.4&#8243; _module_preset=&#8221;default&#8221; text_font=&#8221;Open Sans|600|||||||&#8221; text_text_color=&#8221;#FFFFFF&#8221; text_font_size=&#8221;16px&#8221; background_color=&#8221;#2b2900&#8243; text_orientation=&#8221;center&#8221; custom_margin=&#8221;0px||||false|false&#8221; custom_margin_tablet=&#8221;50px||||false|false&#8221; custom_margin_phone=&#8221;0px||40px||false|false&#8221; custom_margin_last_edited=&#8221;on|desktop&#8221; custom_padding=&#8221;10px|10px|10px|10px|true|true&#8221; custom_padding_tablet=&#8221;10px|10px|10px|10px|true|true&#8221; custom_padding_phone=&#8221;10px|10px|10px|10px|true|true&#8221; custom_padding_last_edited=&#8221;on|desktop&#8221; text_font_size_tablet=&#8221;16px&#8221; text_font_size_phone=&#8221;16px&#8221; text_font_size_last_edited=&#8221;on|desktop&#8221; text_letter_spacing_tablet=&#8221;2px&#8221; text_letter_spacing_phone=&#8221;1px&#8221; text_letter_spacing_last_edited=&#8221;on|desktop&#8221; text_line_height_tablet=&#8221;&#8221; text_line_height_phone=&#8221;1.4em&#8221; text_line_height_last_edited=&#8221;on|phone&#8221; text_orientation_tablet=&#8221;center&#8221; text_orientation_phone=&#8221;center&#8221; text_orientation_last_edited=&#8221;on|desktop&#8221; global_colors_info=&#8221;{}&#8221;]<\/p>\n<p>INFORMACJA O ADMINISTRATORZE<\/p>\n<p>[\/et_pb_text][et_pb_text _builder_version=&#8221;4.23.4&#8243; _module_preset=&#8221;default&#8221; header_font=&#8221;Merriweather||||||||&#8221; header_text_align=&#8221;center&#8221; header_font_size=&#8221;32px&#8221; header_line_height=&#8221;1.2em&#8221; custom_margin=&#8221;-15px||||false|false&#8221; custom_margin_tablet=&#8221;-20px||||false|false&#8221; custom_margin_phone=&#8221;-20px||||false|false&#8221; custom_margin_last_edited=&#8221;on|desktop&#8221; header_text_align_tablet=&#8221;center&#8221; header_text_align_phone=&#8221;center&#8221; header_text_align_last_edited=&#8221;on|desktop&#8221; header_font_size_tablet=&#8221;43px&#8221; header_font_size_phone=&#8221;30px&#8221; header_font_size_last_edited=&#8221;on|desktop&#8221; header_line_height_tablet=&#8221;1.2em&#8221; header_line_height_phone=&#8221;1.2em&#8221; header_line_height_last_edited=&#8221;on|desktop&#8221; global_colors_info=&#8221;{}&#8221;]<\/p>\n<h1><\/h1>\n<h1><\/h1>\n<h1><\/h1>\n<h1><\/h1>\n<h1><\/h1>\n<h1>Hej, dzi\u0119kuj\u0119 za zapis na list\u0119 odbiorc\u00f3w Newslettera dokumentydla.pl!\u00a0<\/h1>\n<p>&nbsp;<\/p>\n<p>&nbsp;<\/p>\n<p>[\/et_pb_text][et_pb_text _builder_version=&#8221;4.23.4&#8243; _module_preset=&#8221;default&#8221; text_font=&#8221;Nunito||||||||&#8221; text_font_size=&#8221;19px&#8221; text_orientation=&#8221;center&#8221; custom_margin=&#8221;-25px||||false|false&#8221; custom_margin_tablet=&#8221;-20px||||false|false&#8221; custom_margin_phone=&#8221;-20px||||false|false&#8221; custom_margin_last_edited=&#8221;on|desktop&#8221; text_font_size_tablet=&#8221;18px&#8221; text_font_size_phone=&#8221;18px&#8221; text_font_size_last_edited=&#8221;on|desktop&#8221; text_orientation_tablet=&#8221;center&#8221; text_orientation_phone=&#8221;center&#8221; text_orientation_last_edited=&#8221;on|desktop&#8221; global_colors_info=&#8221;{}&#8221;]<\/p>\n<p><b>za chwil\u0119 otrzymasz maila z obiecanym kodem obni\u017caj\u0105cym cen\u0119 pakietu Legal Templates DOC\/Create, czyli pakietu wzor\u00f3w dokument\u00f3w w naszym kreatorze.<\/b><\/p>\n<p>Obowi\u0105zek informacyjny jest jak cebula i ogry &#8211; ma warstwy \ud83d\ude42 Temat ch\u0119tnie rozwiniemy w newsletterze, natomiast je\u015bli chcesz, to poni\u017cej mo\u017cesz zapozna\u0107 si\u0119 z <strong>Informacj\u0105 o Administratorze Danych Osobowych.<\/strong><\/p>\n<p>&nbsp;<\/p>\n<p>&nbsp;<\/p>\n<p><b><\/b><\/p>\n<p>[\/et_pb_text][\/et_pb_column][et_pb_column type=&#8221;1_2&#8243; _builder_version=&#8221;4.23.4&#8243; _module_preset=&#8221;default&#8221; global_colors_info=&#8221;{}&#8221;][et_pb_image src=&#8221;https:\/\/dokumentydla.pl\/wp-content\/uploads\/2025\/12\/20.jpg&#8221; title_text=&#8221;20&#8243; _builder_version=&#8221;4.24.1&#8243; _module_preset=&#8221;default&#8221; animation=&#8221;fade_in&#8221; global_colors_info=&#8221;%91%93&#8243;][\/et_pb_image][\/et_pb_column][\/et_pb_row][\/et_pb_section][et_pb_section fb_built=&#8221;1&#8243; custom_padding_last_edited=&#8221;on|phone&#8221; _builder_version=&#8221;4.23.4&#8243; _module_preset=&#8221;default&#8221; background_color=&#8221;#fbfaf7&#8243; custom_margin_tablet=&#8221;&#8221; custom_margin_phone=&#8221;&#8221; custom_margin_last_edited=&#8221;on|phone&#8221; custom_padding_tablet=&#8221;&#8221; custom_padding_phone=&#8221;20px||||false|false&#8221; global_colors_info=&#8221;{}&#8221;][et_pb_row column_structure=&#8221;1_2,1_2&#8243; _builder_version=&#8221;4.24.1&#8243; _module_preset=&#8221;default&#8221; max_width=&#8221;1180px&#8221; max_width_tablet=&#8221;1180px&#8221; max_width_phone=&#8221;1180px&#8221; max_width_last_edited=&#8221;on|desktop&#8221; global_colors_info=&#8221;{}&#8221;][et_pb_column type=&#8221;1_2&#8243; _builder_version=&#8221;4.23.4&#8243; _module_preset=&#8221;default&#8221; global_colors_info=&#8221;{}&#8221;][et_pb_image src=&#8221;https:\/\/dokumentydla.pl\/wp-content\/uploads\/2025\/12\/10.jpg&#8221; title_text=&#8221;10&#8243; _builder_version=&#8221;4.24.1&#8243; _module_preset=&#8221;default&#8221; animation=&#8221;fade_in&#8221; global_colors_info=&#8221;%91%93&#8243;][\/et_pb_image][\/et_pb_column][et_pb_column type=&#8221;1_2&#8243; _builder_version=&#8221;4.23.4&#8243; _module_preset=&#8221;default&#8221; global_colors_info=&#8221;{}&#8221;][et_pb_text _builder_version=&#8221;4.23.4&#8243; text_font=&#8221;Open Sans||||||||&#8221; text_text_color=&#8221;#3a3a3a&#8221; text_line_height=&#8221;2em&#8221; header_font=&#8221;Merriweather||on||||||&#8221; header_text_align=&#8221;left&#8221; header_text_color=&#8221;#3a3a3a&#8221; header_font_size=&#8221;18px&#8221; header_line_height=&#8221;1.7em&#8221; header_6_font=&#8221;Dancing Script|600|||||||&#8221; header_6_text_align=&#8221;center&#8221; header_6_text_color=&#8221;#d0983c&#8221; header_6_font_size=&#8221;30px&#8221; header_6_letter_spacing=&#8221;5px&#8221; header_6_line_height=&#8221;1.6em&#8221; width_tablet=&#8221;&#8221; width_phone=&#8221;&#8221; width_last_edited=&#8221;on|phone&#8221; max_width=&#8221;600px&#8221; max_width_tablet=&#8221;90%&#8221; max_width_last_edited=&#8221;off|phone&#8221; module_alignment=&#8221;center&#8221; custom_margin=&#8221;8px||||false|false&#8221; custom_margin_tablet=&#8221;25px||||false|false&#8221; custom_margin_phone=&#8221;0px||||false|false&#8221; custom_margin_last_edited=&#8221;on|desktop&#8221; text_font_size_tablet=&#8221;&#8221; text_font_size_phone=&#8221;&#8221; text_font_size_last_edited=&#8221;on|desktop&#8221; header_font_size_tablet=&#8221;28px&#8221; header_font_size_phone=&#8221;22px&#8221; header_font_size_last_edited=&#8221;on|phone&#8221; header_line_height_tablet=&#8221;1.5em&#8221; header_line_height_phone=&#8221;1.5em&#8221; header_line_height_last_edited=&#8221;on|desktop&#8221; header_6_font_size_tablet=&#8221;&#8221; header_6_font_size_phone=&#8221;&#8221; header_6_font_size_last_edited=&#8221;on|desktop&#8221; locked=&#8221;off&#8221; global_colors_info=&#8221;{}&#8221; header_5_font_size__hover=&#8221;16px&#8221; header_5_font_size__hover_enabled=&#8221;16px&#8221; header_5_letter_spacing__hover=&#8221;0px&#8221; header_5_letter_spacing__hover_enabled=&#8221;0px&#8221; header_5_line_height__hover=&#8221;1em&#8221; header_5_line_height__hover_enabled=&#8221;1em&#8221; header_5_text_shadow_style__hover=&#8221;none&#8221; header_5_text_shadow_style__hover_enabled=&#8221;none&#8221; header_5_text_shadow_color__hover=&#8221;rgba(0,0,0,0.4)&#8221; header_5_text_shadow_color__hover_enabled=&#8221;rgba(0,0,0,0.4)&#8221;]<\/p>\n<h1><strong>Pami\u0119taj, \u017ce je\u015bli nie chcesz otrzymywa\u0107 ode mnie wiadomo\u015bci, to zawsze mo\u017cesz si\u0119 wypisa\u0107 &#8211; opcja &#8220;wypisz mnie&#8221; jest dost\u0119pna w ka\u017cdej wiadomo\u015bci e-mail.<\/strong><\/h1>\n<p class=\"p1\"><b>Informacja o Administratorze Danych Osobowych<\/b><\/p>\n<p class=\"p1\"><b>Informacje podawane w przypadku zbierania danych od osoby, kt\u00f3rej dane dotycz\u0105<\/b><b><\/b><\/p>\n<p class=\"p1\"><b>Poni\u017cej znajdziesz podstawowe informacje, jakie ja, jako Administrator Danych Osobowych mam obowi\u0105zek Ci przekaza\u0107 na podstawie Rozporz\u0105dzenia Parlamentu Europejskiego i Rady UE 2016\/679 z dnia 27 kwietnia 2016 r. w sprawie ochrony os\u00f3b fizycznych w zwi\u0105zku z przetwarzaniem danych osobowych i w sprawie swobodnego przep\u0142ywu takich danych oraz uchylenia dyrektywy 95\/46\/WE (dalej \u201eRODO\u201d).<\/b><b><\/b><\/p>\n<p class=\"p1\">Administratorem Twoich danych osobowych jest Anna Kol\u0119da-Klinkosz. Adres do kontaktu z Administratorem to ul. Jar Raduni 6B, 83-000 Juszkowo, adres e-mail: <a href=\"mailto:hello@biznesnalegalu.pl\"><span class=\"s1\">hello@dokumentydla.pl<\/span><\/a><\/p>\n<p class=\"p1\">Dane podawane w formularzu zapisu b\u0119d\u0105 przetwarzane w celu wysy\u0142ki newslettera strony dokumentydla.pl. W ramach newsllettera przesy\u0142ane b\u0119d\u0105 informacje edukacyjne, promocyjne, informacje o ofertach, informacje o aktualno\u015bciach ze \u015bwiata marki itp. na podstawie udzielonej przez Ciebie zgody (art. 6ust 1 lit. a) RODO) oraz w celu realizacji prawnie uzasadnionych interes\u00f3w Administratora tj. marketingu w\u0142asnych produkt\u00f3w i us\u0142ug oraz w celu dochodzenia ewentualnych roszcze\u0144 zwi\u0105zanych z wysy\u0142k\u0105 niniejszego newslettera (art. 6 ust 1 lit. f) RODO).<\/p>\n<p class=\"p1\">Odbiorcami danych osobowych gromadzonych i przetwarzanych w zwi\u0105zku z zapisem na newsletter mog\u0105 by\u0107 inne podmioty, w szczeg\u00f3lno\u015bci takie jak dostawca us\u0142ugi hostingu, dostawca us\u0142ugi poczty elektronicznej czy dostawca systemu do wysy\u0142ki maili.<\/p>\n<p class=\"p1\">Twoje dane mog\u0105 by\u0107 przekazywane do pa\u0144stw trzecich, w takich wypadku b\u0119d\u0105 to odbiorcy, kt\u00f3rzy gwarantuj\u0105 najwy\u017csz\u0105 ochron\u0119 i bezpiecze\u0144stwo danych, czyli w wypadkach gdy:<\/p>\n<p class=\"p1\">&#8211; gdy Komisja Europejska stwierdzi, \u017ce to pa\u0144stwo trzecie, terytorium lub okre\u015blony sektor lub okre\u015blone sektory w tym pa\u0144stwie trzecim lub dana organizacja mi\u0119dzynarodowa zapewniaj\u0105 odpowiedni stopie\u0144 ochrony.<\/p>\n<p class=\"p1\">&#8211; W razie braku takiej decyzji administrator lub podmiot przetwarzaj\u0105cy mog\u0105 przekaza\u0107 dane osobowe do pa\u0144stwa trzeciego lub organizacji mi\u0119dzynarodowej wy\u0142\u0105cznie, gdy zapewni\u0105 odpowiednie zabezpieczenia, i pod warunkiem, \u017ce obowi\u0105zuj\u0105 egzekwowalne prawa os\u00f3b, kt\u00f3rych dane dotycz\u0105, i skuteczne \u015brodki ochrony prawnej. a) prawnie wi\u0105\u017c\u0105cego i egzekwowalnego instrumentu mi\u0119dzy organami lub podmiotami publicznymi; b) wi\u0105\u017c\u0105cych regu\u0142 korporacyjnych; c) standardowych klauzul ochrony danych przyj\u0119tych przez Komisj\u0119 Europejsk\u0105; d) standardowych klauzul ochrony danych; e) zatwierdzonego kodeksu post\u0119powania; lub f) zatwierdzonego mechanizmu certyfikacji.<\/p>\n<p class=\"p1\">&#8211; osoba, kt\u00f3rej dane dotycz\u0105, poinformowana o ewentualnym ryzyku, z kt\u00f3rymi \u2013 ze wzgl\u0119du na brak decyzji stwierdzaj\u0105cej odpowiedni stopie\u0144 ochrony oraz na brak odpowiednich zabezpiecze\u0144 \u2013 mo\u017ce si\u0119 dla niej wi\u0105za\u0107 proponowane przekazanie, wyra\u017anie wyrazi\u0142a na nie zgod\u0119.<\/p>\n<p class=\"p1\">Masz prawo do cofni\u0119cia zgody na przetwarzanie w dowolnym momencie bez wp\u0142ywu na zgodno\u015b\u0107 z prawem przetwarzania, kt\u00f3rego dokonano przed wycofaniem zgody. Twoje dane b\u0119d\u0105 przechowywane do momentu wycofania Twojej zgody np. przez wypisanie si\u0119 z newslettera lub zg\u0142oszenia sprzeciwu. Mo\u017cesz wypisa\u0107 si\u0119 z newslettera w ka\u017cdym momencie poprzez klikni\u0119cie liku \u201ewypisuj\u0119 si\u0119\u201d na dole strony ka\u017cdego przes\u0142anego newslettera.<\/p>\n<p class=\"p1\">Po wypisaniu si\u0119 z listy dane mog\u0105 by\u0107 przechowywane przeze mnie w celu ochrony przed ewentualnymi roszczeniami oraz w celach dowodowych przez okres prowadzenia dzia\u0142alno\u015bci strony biznesnalegalu.pl, w ka\u017cdym wypadku nie kr\u00f3cej ni\u017c 2 lata \u2013 wynika to z mojego prawnie uzasadnionego interesu.<\/p>\n<p class=\"p1\">Masz prawo do cofni\u0119cia zgody na przetwarzanie, do \u017c\u0105dania dost\u0119pu do danych osobowych dotycz\u0105cych Twojej osoby, ich sprostowania, usuni\u0119cia lub ograniczenia przetwarzania lub prawo do wniesienia sprzeciwu wobec przetwarzania, a tak\u017ce prawo do przenoszenia danych.<\/p>\n<p class=\"p1\">Je\u015bli uwa\u017casz, \u017ce przetwarzam Twoje dane w spos\u00f3b naruszaj\u0105cy przepisy prawa, masz prawo do wniesienia skargi do organu nadzorczego tj. do Prezesa Urz\u0119du Ochrony Danych Osobowych, zgodnie z zasadami ustawy z dnia 10 maja 2018 roku o ochronie danych osobowych.<\/p>\n<p class=\"p1\">Podanie danych w celu zapisu na newsletter jest w pe\u0142ni dobrowolne, jak\u017ce koniecznie bym mog\u0142a skutecznie wysy\u0142a\u0107 do ciebie newsletter. Brak podania danych b\u0119dzie skutkowa\u0142 niemo\u017cliwo\u015bci\u0105 wysy\u0142ki newslettera i otrzymywania ode mnie informacji mailowych.<\/p>\n<p class=\"p1\">Twoje dane mog\u0105 by\u0107 przetwarzane w spos\u00f3b zautomatyzowany w zwi\u0105zku z korzystaniem przeze mnie z narz\u0119dzi marketingowych do tego s\u0142u\u017c\u0105cych. Nie ma to jednak \u017cadnego negatywnego wp\u0142ywu na Twoj\u0105 sytuacj\u0119 prawn\u0105, jako subskrybenta czy klienta. Celem zautomatyzowanego podejmowania decyzji w moim wypadku jest poznanie i dostosowanie mojego przekazu do preferencji subskrybent\u00f3w, klient\u00f3w czy odwiedzaj\u0105cych moj\u0105 stron\u0119 biznesnalegalu.pl, czy personalizowanie reklam.<\/p>\n<p class=\"p1\">Wi\u0119cej szczeg\u00f3\u0142\u00f3w, w tym z jakich narz\u0119dzi korzystam, znajdziesz w Polityce prywatno\u015bci, z kt\u00f3r\u0105 mog\u0142e\u015b zapozna\u0107 si\u0119 przy wype\u0142nianiu formularza zapisu. Link do Polityki znajduje si\u0119 r\u00f3wnie\u017c tutaj: <a href=\"https:\/\/dokumentydla.pl\/?page_id=3\">Polityka prywatno\u015bci.<\/a><\/p>\n<p class=\"p1\">Dzi\u0119kuj\u0119 za zapoznanie si\u0119 z tym obowi\u0105zkiem informacyjnym. Je\u015bli masz pytania dotycz\u0105ce informacji tu zawartych b\u0105d\u017a zwi\u0105zanych z przetwarzaniem danych osobowych najszybszym i zalecanym kontaktem ze mn\u0105, czyli z Administratorem jest podany na pocz\u0105tku adres email:\u00a0<a href=\"mailto:hello@biznesnalegalu.pl\"><span class=\"s1\">hello@dokumentydla.pl<\/span><\/a><\/p>\n<p class=\"p1\">Okay? Of course!<\/p>\n<p class=\"p2\">&#8211; Ania\/dokumentydla.pl<\/p>\n<p>&nbsp;<\/p>\n<p>[\/et_pb_text][et_pb_text _builder_version=&#8221;4.23.4&#8243; text_font=&#8221;Nunito||||||||&#8221; text_text_color=&#8221;#3a3a3a&#8221; text_font_size=&#8221;18px&#8221; header_font=&#8221;Lora|700|||||||&#8221; header_text_align=&#8221;center&#8221; header_text_color=&#8221;#3a3a3a&#8221; header_font_size=&#8221;45px&#8221; header_line_height=&#8221;1.4em&#8221; header_6_font=&#8221;Dancing Script|600|||||||&#8221; header_6_text_align=&#8221;center&#8221; header_6_text_color=&#8221;#d0983c&#8221; header_6_font_size=&#8221;30px&#8221; header_6_letter_spacing=&#8221;5px&#8221; header_6_line_height=&#8221;1.6em&#8221; width_tablet=&#8221;&#8221; width_phone=&#8221;&#8221; width_last_edited=&#8221;on|phone&#8221; max_width=&#8221;600px&#8221; max_width_tablet=&#8221;90%&#8221; max_width_last_edited=&#8221;off|phone&#8221; module_alignment=&#8221;center&#8221; custom_margin=&#8221;-20px||||false|false&#8221; custom_margin_tablet=&#8221;-20px||||false|false&#8221; custom_margin_phone=&#8221;-20px||||false|false&#8221; custom_margin_last_edited=&#8221;on|desktop&#8221; custom_padding=&#8221;2px||0px|||&#8221; text_font_size_tablet=&#8221;&#8221; text_font_size_phone=&#8221;19px&#8221; text_font_size_last_edited=&#8221;on|desktop&#8221; header_font_size_tablet=&#8221;48px&#8221; header_font_size_phone=&#8221;32px&#8221; header_font_size_last_edited=&#8221;on|phone&#8221; header_6_font_size_tablet=&#8221;&#8221; header_6_font_size_phone=&#8221;&#8221; header_6_font_size_last_edited=&#8221;on|desktop&#8221; locked=&#8221;off&#8221; global_colors_info=&#8221;{}&#8221; header_5_font_size__hover=&#8221;16px&#8221; header_5_font_size__hover_enabled=&#8221;16px&#8221; header_5_letter_spacing__hover=&#8221;0px&#8221; header_5_letter_spacing__hover_enabled=&#8221;0px&#8221; header_5_line_height__hover=&#8221;1em&#8221; header_5_line_height__hover_enabled=&#8221;1em&#8221; header_5_text_shadow_style__hover=&#8221;none&#8221; header_5_text_shadow_style__hover_enabled=&#8221;none&#8221; header_5_text_shadow_color__hover=&#8221;rgba(0,0,0,0.4)&#8221; header_5_text_shadow_color__hover_enabled=&#8221;rgba(0,0,0,0.4)&#8221;]<\/p>\n<p><strong><\/strong><\/p>\n<p>[\/et_pb_text][\/et_pb_column][\/et_pb_row][\/et_pb_section][et_pb_section fb_built=&#8221;1&#8243; _builder_version=&#8221;4.23.4&#8243; _module_preset=&#8221;default&#8221; custom_padding=&#8221;3px||7px|||&#8221; global_colors_info=&#8221;{}&#8221;][et_pb_row column_structure=&#8221;1_2,1_2&#8243; _builder_version=&#8221;4.23.4&#8243; _module_preset=&#8221;default&#8221; width_tablet=&#8221;&#8221; width_phone=&#8221;95%&#8221; width_last_edited=&#8221;on|phone&#8221; custom_margin_tablet=&#8221;&#8221; custom_margin_phone=&#8221;-20px||||false|false&#8221; custom_margin_last_edited=&#8221;on|phone&#8221; global_colors_info=&#8221;{}&#8221;][et_pb_column type=&#8221;1_2&#8243; _builder_version=&#8221;4.23.4&#8243; _module_preset=&#8221;default&#8221; custom_padding_tablet=&#8221;&#8221; custom_padding_phone=&#8221;25px|10px|25px|10px|true|true&#8221; custom_padding_last_edited=&#8221;on|phone&#8221; background_last_edited=&#8221;on|phone&#8221; background_enable_color_phone=&#8221;off&#8221; global_colors_info=&#8221;{}&#8221;][et_pb_text _builder_version=&#8221;4.23.4&#8243; _module_preset=&#8221;default&#8221; header_font=&#8221;Merriweather||||||||&#8221; header_text_align=&#8221;center&#8221; header_font_size=&#8221;43px&#8221; header_line_height=&#8221;1.2em&#8221; custom_margin=&#8221;20px||||false|false&#8221; custom_margin_tablet=&#8221;-20px||||false|false&#8221; custom_margin_phone=&#8221;-20px||||false|false&#8221; custom_margin_last_edited=&#8221;on|desktop&#8221; header_font_size_tablet=&#8221;43px&#8221; header_font_size_phone=&#8221;35px&#8221; header_font_size_last_edited=&#8221;on|desktop&#8221; header_line_height_tablet=&#8221;1.2em&#8221; header_line_height_phone=&#8221;1.2em&#8221; header_line_height_last_edited=&#8221;on|desktop&#8221; global_colors_info=&#8221;{}&#8221;]<\/p>\n<h1>Gotowa na wej\u015bcie na wy\u017cszy poziom w Twoim biznesie?<\/h1>\n<p>[\/et_pb_text][et_pb_text _builder_version=&#8221;4.24.1&#8243; text_font=&#8221;Nunito||||||||&#8221; text_text_color=&#8221;#000000&#8243; background_size=&#8221;initial&#8221; background_position=&#8221;top_left&#8221; background_repeat=&#8221;repeat&#8221; text_orientation=&#8221;center&#8221; width=&#8221;80%&#8221; width_tablet=&#8221;71%&#8221; width_phone=&#8221;96%&#8221; width_last_edited=&#8221;on|desktop&#8221; module_alignment=&#8221;center&#8221; custom_margin=&#8221;-30px||||false|false&#8221; custom_margin_tablet=&#8221;-30px||||false|false&#8221; custom_margin_phone=&#8221;-30px||||false|false&#8221; custom_margin_last_edited=&#8221;on|desktop&#8221; custom_padding=&#8221;|||&#8221; animation_direction=&#8221;bottom&#8221; text_line_height_tablet=&#8221;1.6em&#8221; text_line_height_phone=&#8221;1.6em&#8221; text_line_height_last_edited=&#8221;on|desktop&#8221; global_colors_info=&#8221;{}&#8221;]<\/p>\n<p>Je\u015bli tak, to wejd\u017a do Sklepu Prawnego i wybierz najlepszy pakiet dokument\u00f3w dla Ciebie i Twojego biznesu!\u00a0<\/p>\n<p>[\/et_pb_text][et_pb_text _builder_version=&#8221;4.24.1&#8243; text_font=&#8221;Nunito|800|||||||&#8221; text_text_color=&#8221;#000000&#8243; background_size=&#8221;initial&#8221; background_position=&#8221;top_left&#8221; background_repeat=&#8221;repeat&#8221; text_orientation=&#8221;center&#8221; width=&#8221;80%&#8221; width_tablet=&#8221;71%&#8221; width_phone=&#8221;96%&#8221; width_last_edited=&#8221;on|desktop&#8221; module_alignment=&#8221;center&#8221; custom_margin=&#8221;-20px||||false|false&#8221; custom_margin_tablet=&#8221;-30px||||false|false&#8221; custom_margin_phone=&#8221;20px||||false|false&#8221; custom_margin_last_edited=&#8221;on|desktop&#8221; custom_padding=&#8221;||0px|||&#8221; animation_direction=&#8221;bottom&#8221; text_line_height_tablet=&#8221;1.6em&#8221; text_line_height_phone=&#8221;1.6em&#8221; text_line_height_last_edited=&#8221;on|desktop&#8221; global_colors_info=&#8221;{}&#8221;]<\/p>\n<p><a href=\"https:\/\/dokumentydla.pl\">SKLEP PRAWNY DOKUMENTYDLA.PL<\/a><\/p>\n<p>[\/et_pb_text][\/et_pb_column][et_pb_column type=&#8221;1_2&#8243; _builder_version=&#8221;4.23.4&#8243; _module_preset=&#8221;default&#8221; custom_padding_tablet=&#8221;&#8221; custom_padding_phone=&#8221;25px|10px|25px|10px|true|true&#8221; custom_padding_last_edited=&#8221;on|phone&#8221; background_last_edited=&#8221;on|phone&#8221; background_enable_color_phone=&#8221;off&#8221; global_colors_info=&#8221;{}&#8221;][et_pb_image src=&#8221;https:\/\/dokumentydla.pl\/wp-content\/uploads\/2025\/12\/1.jpg&#8221; title_text=&#8221;1&#8243; url=&#8221;https:\/\/dokumentydla.pl&#8221; _builder_version=&#8221;4.24.1&#8243; _module_preset=&#8221;default&#8221; global_colors_info=&#8221;{}&#8221;][\/et_pb_image][\/et_pb_column][\/et_pb_row][\/et_pb_section][et_pb_section fb_built=&#8221;1&#8243; _builder_version=&#8221;4.23.4&#8243; _module_preset=&#8221;default&#8221; background_color=&#8221;#2b2900&#8243; custom_padding=&#8221;1px||8px|||&#8221; global_colors_info=&#8221;{}&#8221;][et_pb_row column_structure=&#8221;1_2,1_2&#8243; _builder_version=&#8221;4.23.4&#8243; _module_preset=&#8221;default&#8221; global_colors_info=&#8221;{}&#8221;][et_pb_column type=&#8221;1_2&#8243; _builder_version=&#8221;4.23.4&#8243; _module_preset=&#8221;default&#8221; global_colors_info=&#8221;{}&#8221;][et_pb_text _builder_version=&#8221;4.23.4&#8243; _module_preset=&#8221;default&#8221; text_text_color=&#8221;#FFFFFF&#8221; text_font_size=&#8221;13px&#8221; text_line_height=&#8221;1.4em&#8221; text_font_size_tablet=&#8221;13px&#8221; text_font_size_phone=&#8221;13px&#8221; text_font_size_last_edited=&#8221;on|desktop&#8221; text_line_height_tablet=&#8221;1.4em&#8221; text_line_height_phone=&#8221;1.4em&#8221; text_line_height_last_edited=&#8221;on|desktop&#8221; global_colors_info=&#8221;{}&#8221;]<\/p>\n<p><span>This site is not part of the Facebook website or Facebook Inc. Additionally, this site is NOT endorsed by Facebook in any way. FACEBOOK is a trademark of FACEBOOK, Inc.<\/span><\/p>\n<p>[\/et_pb_text][\/et_pb_column][et_pb_column type=&#8221;1_2&#8243; _builder_version=&#8221;4.23.4&#8243; _module_preset=&#8221;default&#8221; global_colors_info=&#8221;{}&#8221;][et_pb_text _builder_version=&#8221;4.23.4&#8243; _module_preset=&#8221;default&#8221; text_text_color=&#8221;#FFFFFF&#8221; text_letter_spacing=&#8221;1px&#8221; text_orientation=&#8221;center&#8221; global_colors_info=&#8221;{}&#8221;]<\/p>\n<p><a href=\"https:\/\/dokumentydla.pl\/?page_id=3\">POLITYKA PRYWATNO\u015aCI<\/a><\/p>\n<p>[\/et_pb_text][\/et_pb_column][\/et_pb_row][\/et_pb_section]<\/p>\n","protected":false},"excerpt":{"rendered":"<p>INFORMACJA O ADMINISTRATORZE Hej, dzi\u0119kuj\u0119 za zapis na list\u0119 odbiorc\u00f3w Newslettera dokumentydla.pl!\u00a0 &nbsp; &nbsp;za chwil\u0119 otrzymasz maila z obiecanym kodem obni\u017caj\u0105cym cen\u0119 pakietu Legal Templates DOC\/Create, czyli pakietu wzor\u00f3w dokument\u00f3w w naszym kreatorze. Obowi\u0105zek informacyjny jest jak cebula i ogry &#8211; ma warstwy \ud83d\ude42 Temat ch\u0119tnie rozwiniemy w newsletterze, natomiast je\u015bli chcesz, to poni\u017cej mo\u017cesz [&hellip;]<\/p>\n","protected":false},"author":1,"featured_media":0,"parent":0,"menu_order":0,"comment_status":"closed","ping_status":"closed","template":"page-template-blank.php","meta":{"_et_pb_use_builder":"on","_et_pb_old_content":"","_et_gb_content_width":"","footnotes":""},"class_list":["post-218497","page","type-page","status-publish","hentry"],"_links":{"self":[{"href":"https:\/\/dokumentydla.pl\/index.php?rest_route=\/wp\/v2\/pages\/218497","targetHints":{"allow":["GET"]}}],"collection":[{"href":"https:\/\/dokumentydla.pl\/index.php?rest_route=\/wp\/v2\/pages"}],"about":[{"href":"https:\/\/dokumentydla.pl\/index.php?rest_route=\/wp\/v2\/types\/page"}],"author":[{"embeddable":true,"href":"https:\/\/dokumentydla.pl\/index.php?rest_route=\/wp\/v2\/users\/1"}],"replies":[{"embeddable":true,"href":"https:\/\/dokumentydla.pl\/index.php?rest_route=%2Fwp%2Fv2%2Fcomments&post=218497"}],"version-history":[{"count":5,"href":"https:\/\/dokumentydla.pl\/index.php?rest_route=\/wp\/v2\/pages\/218497\/revisions"}],"predecessor-version":[{"id":218516,"href":"https:\/\/dokumentydla.pl\/index.php?rest_route=\/wp\/v2\/pages\/218497\/revisions\/218516"}],"wp:attachment":[{"href":"https:\/\/dokumentydla.pl\/index.php?rest_route=%2Fwp%2Fv2%2Fmedia&parent=218497"}],"curies":[{"name":"wp","href":"https:\/\/api.w.org\/{rel}","templated":true}]}}